{"id":848,"date":"2022-04-09T10:30:05","date_gmt":"2022-04-09T10:30:05","guid":{"rendered":"https:\/\/dancu.co.uk\/?post_type=product&#038;p=848"},"modified":"2023-06-30T22:08:02","modified_gmt":"2023-06-30T22:08:02","slug":"1-oz-10-yuan-panda-2013","status":"publish","type":"product","link":"https:\/\/dancu.co.uk\/index.php\/product\/1-oz-10-yuan-panda-2013\/","title":{"rendered":"1oz 10 Yuan Panda 2013"},"content":{"rendered":"<table>\n<tbody>\n<tr>\n<th>Issuer<\/th>\n<td><a href=\"https:\/\/en.numista.com\/catalogue\/chine-1.html\">People&#8217;s Republic of China<\/a><\/td>\n<\/tr>\n<tr>\n<th>Period<\/th>\n<td><a href=\"https:\/\/en.numista.com\/catalogue\/index.php?ct=coin&amp;ru=1436\">People&#8217;s Republic (<em>1949-date<\/em>)<\/a><\/td>\n<\/tr>\n<tr>\n<th>Type<\/th>\n<td>Non-circulating coin<\/td>\n<\/tr>\n<tr>\n<th>Year<\/th>\n<td>2013<\/td>\n<\/tr>\n<tr>\n<th>Value<\/th>\n<td>10 Yuan<br \/>\n10\u00a0CNY = GBP 1.21<\/td>\n<\/tr>\n<tr>\n<th>Currency<\/th>\n<td>Second R\u00e9nm\u00ednb\u00ec (<em>1955-date<\/em>)<\/td>\n<\/tr>\n<tr>\n<th>Composition<\/th>\n<td>Silver (.999)<\/td>\n<\/tr>\n<tr>\n<th>Weight<\/th>\n<td>31.1\u00a0g<\/td>\n<\/tr>\n<tr>\n<th>Diameter<\/th>\n<td>40\u00a0mm<\/td>\n<\/tr>\n<tr>\n<th>Thickness<\/th>\n<td>2.98\u00a0mm<\/td>\n<\/tr>\n<tr>\n<th>Shape<\/th>\n<td>Round<\/td>\n<\/tr>\n<tr>\n<th>Technique<\/th>\n<td>Milled<\/td>\n<\/tr>\n<tr>\n<th>Orientation<\/th>\n<td>Medal alignment \u2191\u2191<\/td>\n<\/tr>\n<tr>\n<th>Number<\/th>\n<td><a class=\"fiche_catalogue\" href=\"https:\/\/en.numista.com\/catalogue\/catalogue.php?id=1782\">N<\/a>#\u202f42219<\/td>\n<\/tr>\n<\/tbody>\n<\/table>\n","protected":false},"excerpt":{"rendered":"<p>Issuer People&#8217;s Republic of China Period People&#8217;s Republic (1949-date) Type Non-circulating coin Year 2013 Value 10 Yuan 10\u00a0CNY = GBP 1.21 Currency Second R\u00e9nm\u00ednb\u00ec (1955-date) Composition Silver (.999) Weight 31.1\u00a0g Diameter 40\u00a0mm Thickness 2.98\u00a0mm Shape Round Technique Milled Orientation Medal alignment \u2191\u2191 Number N#\u202f42219<\/p>\n","protected":false},"featured_media":850,"comment_status":"open","ping_status":"closed","template":"","meta":[],"product_brand":[],"product_cat":[26,20],"product_tag":[],"class_list":{"0":"post-848","1":"product","2":"type-product","3":"status-publish","4":"has-post-thumbnail","6":"product_cat-999-silver","7":"product_cat-silver-coins","9":"first","10":"outofstock","11":"shipping-taxable","12":"purchasable","13":"product-type-simple"},"supplier_id":null,"supplier_sku":"","barcode":null,"atum_controlled":true,"out_stock_date":null,"out_stock_threshold":null,"inheritable":false,"inbound_stock":0,"stock_on_hold":0,"sold_today":0,"sales_last_days":0,"reserved_stock":0,"customer_returns":0,"warehouse_damage":0,"lost_in_post":0,"other_logs":0,"out_stock_days":0,"lost_sales":0,"has_location":false,"update_date":"2026-04-12T00:32:07","atum_locations":[],"atum_stock_status":"outofstock","restock_status":false,"low_stock_amount":"","sales_update_date":"2026-04-12T00:32:07","calc_backorders":null,"jetpack_sharing_enabled":true,"_links":{"self":[{"href":"https:\/\/dancu.co.uk\/index.php\/wp-json\/wp\/v2\/product\/848","targetHints":{"allow":["GET"]}}],"collection":[{"href":"https:\/\/dancu.co.uk\/index.php\/wp-json\/wp\/v2\/product"}],"about":[{"href":"https:\/\/dancu.co.uk\/index.php\/wp-json\/wp\/v2\/types\/product"}],"replies":[{"embeddable":true,"href":"https:\/\/dancu.co.uk\/index.php\/wp-json\/wp\/v2\/comments?post=848"}],"wp:featuredmedia":[{"embeddable":true,"href":"https:\/\/dancu.co.uk\/index.php\/wp-json\/wp\/v2\/media\/850"}],"wp:attachment":[{"href":"https:\/\/dancu.co.uk\/index.php\/wp-json\/wp\/v2\/media?parent=848"}],"wp:term":[{"taxonomy":"product_brand","embeddable":true,"href":"https:\/\/dancu.co.uk\/index.php\/wp-json\/wp\/v2\/product_brand?post=848"},{"taxonomy":"product_cat","embeddable":true,"href":"https:\/\/dancu.co.uk\/index.php\/wp-json\/wp\/v2\/product_cat?post=848"},{"taxonomy":"product_tag","embeddable":true,"href":"https:\/\/dancu.co.uk\/index.php\/wp-json\/wp\/v2\/product_tag?post=848"}],"curies":[{"name":"wp","href":"https:\/\/api.w.org\/{rel}","templated":true}]}}